{"id":5014,"date":"2026-02-09T19:29:16","date_gmt":"2026-02-09T10:29:16","guid":{"rendered":"https:\/\/koreanskincare.asia\/product\/round-lab-birch-moisturizing-uv-sunscreen-spf50-pa-50mg-hydrating-daily-sun-protection\/"},"modified":"2026-02-09T19:29:16","modified_gmt":"2026-02-09T10:29:16","slug":"round-lab-birch-moisturizing-uv-sunscreen-spf50-pa-50mg-hydrating-daily-sun-protection","status":"publish","type":"product","link":"https:\/\/koreanskincare.asia\/es\/producto\/round-lab-birch-moisturizing-uv-sunscreen-spf50-pa-50mg-hydrating-daily-sun-protection\/","title":{"rendered":"Round Lab Birch Moisturizing UV Sunscreen SPF50+ PA++++ (50mg)\u2013 Hydrating Daily Sun Protection"},"content":{"rendered":"<h3 data-start=\"1339\" data-end=\"1413\"><strong data-start=\"1343\" data-end=\"1413\">Por Qu\u00e9 Round Lab Birch Moisturizing UV Sunscreen Es un Esencial Diario<\/strong><\/h3>\n<p data-start=\"1415\" data-end=\"1703\">Los compradores modernos esperan que un protector solar haga m\u00e1s que bloquear los rayos UV. Buscan f\u00f3rmulas que protejan, hidraten y se sientan c\u00f3modas durante todo el d\u00eda. Round Lab Birch Moisturizing UV Sunscreen cumple estas expectativas al combinar una protecci\u00f3n solar de alto nivel con una hidrataci\u00f3n respetuosa con la piel. <\/p>\n<p data-start=\"1705\" data-end=\"1868\">En lugar de dejar la piel seca o pesada, este protector solar est\u00e1 dise\u00f1ado para mantener el equilibrio de hidrataci\u00f3n, lo que lo hace ideal para el uso diario, ya sea solo o debajo del maquillaje.<\/p>\n<hr data-start=\"1870\" data-end=\"1873\">\n<h3 data-start=\"1875\" data-end=\"1933\"><strong data-start=\"1879\" data-end=\"1933\">\u00bfQu\u00e9 Es Round Lab Birch Moisturizing UV Sunscreen?<br \/><\/strong><\/h3>\n<p data-start=\"1935\" data-end=\"2125\">Round Lab Birch Moisturizing UV Sunscreen es un protector solar qu\u00edmico de uso diario formulado para ofrecer protecci\u00f3n de amplio espectro SPF50+ PA++++, al tiempo que favorece la hidrataci\u00f3n y la comodidad de la piel.<\/p>\n<p data-start=\"2127\" data-end=\"2313\">Su textura ligera se absorbe suavemente y deja la piel fresca, no grasa. Esto lo hace especialmente atractivo para compradores que suelen evitar el protector solar por sensaci\u00f3n pesada o sequedad. <\/p>\n<hr data-start=\"2315\" data-end=\"2318\">\n<h3 data-start=\"2320\" data-end=\"2340\"><strong data-start=\"2324\" data-end=\"2340\">C\u00f3mo Funciona<br \/><\/strong><\/h3>\n<p data-start=\"2342\" data-end=\"2430\">Este protector solar act\u00faa combinando filtros UV con ingredientes hidratantes y calmantes:<\/p>\n<ul data-start=\"2432\" data-end=\"2638\">\n<li data-start=\"2432\" data-end=\"2475\">\n<p data-start=\"2434\" data-end=\"2475\">Protege la piel frente a la exposici\u00f3n a UVA y UVB<\/p>\n<\/li>\n<li data-start=\"2476\" data-end=\"2522\">\n<p data-start=\"2478\" data-end=\"2522\">Ayuda a mantener la hidrataci\u00f3n durante todo el d\u00eda<\/p>\n<\/li>\n<li data-start=\"2523\" data-end=\"2569\">\n<p data-start=\"2525\" data-end=\"2569\">Favorece un acabado suave y c\u00f3modo en la piel<\/p>\n<\/li>\n<li data-start=\"2570\" data-end=\"2638\">\n<p data-start=\"2572\" data-end=\"2638\">Reduce la sensaci\u00f3n de tirantez o sequedad asociada a algunos protectores solares<\/p>\n<\/li>\n<\/ul>\n<p data-start=\"2640\" data-end=\"2726\">El resultado es una protecci\u00f3n solar que se integra perfectamente en la rutina diaria de cuidado de la piel.<\/p>\n<hr data-start=\"2728\" data-end=\"2731\">\n<div class=\"no-scrollbar flex min-h-36 flex-nowrap gap-0.5 overflow-auto sm:gap-1 sm:overflow-hidden xl:min-h-44 mt-1 mb-5 [&amp;:not(:first-child)]:mt-4\">\n<div class=\"border-token-border-default relative w-32 shrink-0 overflow-hidden rounded-xl border-[0.5px] md:shrink max-h-64 sm:w-[calc((100%-0.5rem)\/3)] rounded-s-xl\"><\/div>\n<div class=\"border-token-border-default relative w-32 shrink-0 overflow-hidden rounded-xl border-[0.5px] md:shrink max-h-64 sm:w-[calc((100%-0.5rem)\/3)]\">\n<div><img fetchpriority=\"high\" decoding=\"async\" class=\"bg-token-main-surface-tertiary m-0 h-full w-full object-cover alignnone\" src=\"https:\/\/eaudevie.store\/cdn\/shop\/files\/Withandwithoutsunscreen.png?v=1707405019&amp;width=1445\" alt=\"\" width=\"676\" height=\"676\"><\/div>\n<\/div>\n<div class=\"border-token-border-default relative w-32 shrink-0 overflow-hidden rounded-xl border-[0.5px] md:shrink max-h-64 sm:w-[calc((100%-0.5rem)\/3)] rounded-e-xl\">\n<div><img decoding=\"async\" class=\"bg-token-main-surface-tertiary m-0 h-full w-full object-cover alignnone\" src=\"https:\/\/images.openai.com\/static-rsc-3\/Gg5X4Nh27_n7ruocn0ISagXUzU5TIp6VMA7KEwR8ttQxTU_LHJL2F3X3yW75HTna8CqOFFdYcFFiSwEPup8Fs8bs89JHOyChTA7_S_q_liE?purpose=fullsize&amp;v=1\" alt=\"\" width=\"674\" height=\"674\"><\/div>\n<\/div>\n<\/div>\n<hr data-start=\"2775\" data-end=\"2778\">\n<h2 data-start=\"2780\" data-end=\"2809\">\ud83d\udfe7 Beneficios Clave para los Compradores<\/h2>\n<p data-start=\"2811\" data-end=\"2891\">\u2714 Alta Protecci\u00f3n UV<br data-start=\"2835\" data-end=\"2838\">SPF50+ PA++++ ayuda a proteger frente a los rayos UVA y UVB.<\/p>\n<p data-start=\"2893\" data-end=\"2970\">\u2714 F\u00f3rmula Hidratante<br data-start=\"2919\" data-end=\"2922\">El jugo de abedul favorece la hidrataci\u00f3n y la comodidad de la piel.<\/p>\n<p data-start=\"2972\" data-end=\"3044\">\u2714 Textura Ligera<br data-start=\"2997\" data-end=\"3000\">Se absorbe f\u00e1cilmente sin sensaci\u00f3n pesada ni residuos.<\/p>\n<p data-start=\"3046\" data-end=\"3115\">\u2714 Acabado Apto para Uso Diario<br data-start=\"3073\" data-end=\"3076\">C\u00f3modo incluso con aplicaciones repetidas.<\/p>\n<p data-start=\"3117\" data-end=\"3180\">\u2714 Uso Vers\u00e1til<br data-start=\"3137\" data-end=\"3140\">Funciona bien bajo el maquillaje o sobre la piel limpia.<\/p>\n<hr data-start=\"3182\" data-end=\"3185\">\n<h2 data-start=\"3187\" data-end=\"3221\">\ud83d\udfe7 Ingredientes (Componentes Clave)<\/h2>\n<blockquote data-start=\"3223\" data-end=\"3349\">\n<p data-start=\"3225\" data-end=\"3349\"><strong data-start=\"3225\" data-end=\"3349\">Las listas de ingredientes pueden actualizarse por el fabricante. Consulte siempre el envase del producto para obtener la informaci\u00f3n m\u00e1s actualizada. <\/strong><\/p>\n<\/blockquote>\n<p data-start=\"3351\" data-end=\"3379\"><strong data-start=\"3351\" data-end=\"3379\">Ingredientes destacados:<\/strong><\/p>\n<ul data-start=\"3381\" data-end=\"3763\">\n<li data-start=\"3381\" data-end=\"3474\">\n<p data-start=\"3383\" data-end=\"3474\">Betula Platyphylla Japonica Juice (Jugo de Abedul) \u2013 Favorece la hidrataci\u00f3n y el confort de la piel<\/p>\n<\/li>\n<li data-start=\"3475\" data-end=\"3535\">\n<p data-start=\"3477\" data-end=\"3535\">Niacinamida \u2013 Ayuda a mejorar el equilibrio y la textura de la piel<\/p>\n<\/li>\n<li data-start=\"3536\" data-end=\"3589\">\n<p data-start=\"3538\" data-end=\"3589\">\u00c1cido Hialur\u00f3nico \u2013 Favorece la retenci\u00f3n de la humedad<\/p>\n<\/li>\n<li data-start=\"3590\" data-end=\"3639\">\n<p data-start=\"3592\" data-end=\"3639\">Adenosina \u2013 Ayuda a mejorar la suavidad de la piel<\/p>\n<\/li>\n<li data-start=\"3640\" data-end=\"3707\">\n<p data-start=\"3642\" data-end=\"3707\">Filtros UV Qu\u00edmicos \u2013 Proporcionan protecci\u00f3n solar de amplio espectro<\/p>\n<\/li>\n<li data-start=\"3708\" data-end=\"3763\">\n<p data-start=\"3710\" data-end=\"3763\">Glicerina \u2013 Humectante que ayuda a retener la hidrataci\u00f3n<\/p>\n<\/li>\n<\/ul>\n<hr data-start=\"3765\" data-end=\"3768\">\n<h2 data-start=\"3770\" data-end=\"3827\">\ud83d\udfe7 Round Lab Birch Sunscreen vs Protectores Solares Tradicionales<\/h2>\n<div class=\"TyagGW_tableContainer\">\n<div class=\"group TyagGW_tableWrapper flex flex-col-reverse w-fit\" tabindex=\"-1\">\n<table class=\"w-fit min-w-(--thread-content-width)\" data-start=\"3829\" data-end=\"4213\">\n<thead data-start=\"3829\" data-end=\"3902\">\n<tr data-start=\"3829\" data-end=\"3902\">\n<th class=\"\" data-start=\"3829\" data-end=\"3839\" data-col-size=\"sm\">Caracter\u00edstica<\/th>\n<th class=\"\" data-start=\"3839\" data-end=\"3877\" data-col-size=\"sm\"><strong data-start=\"3841\" data-end=\"3876\">Birch Moisturizing UV Sunscreen<\/strong><\/th>\n<th class=\"\" data-start=\"3877\" data-end=\"3902\" data-col-size=\"sm\">Protector Solar Tradicional<\/th>\n<\/tr>\n<\/thead>\n<tbody data-start=\"3970\" data-end=\"4213\">\n<tr data-start=\"3970\" data-end=\"4012\">\n<td data-start=\"3970\" data-end=\"3986\" data-col-size=\"sm\">Protecci\u00f3n UV<\/td>\n<td data-start=\"3986\" data-end=\"4002\" data-col-size=\"sm\">SPF50+ PA++++<\/td>\n<td data-start=\"4002\" data-end=\"4012\" data-col-size=\"sm\">Variable<\/td>\n<\/tr>\n<tr data-start=\"4013\" data-end=\"4076\">\n<td data-start=\"4013\" data-end=\"4025\" data-col-size=\"sm\">Sensaci\u00f3n en la piel<\/td>\n<td data-start=\"4025\" data-end=\"4051\" data-col-size=\"sm\">Ligera e hidratante<\/td>\n<td data-start=\"4051\" data-end=\"4076\" data-col-size=\"sm\">A menudo pesada o resecante<\/td>\n<\/tr>\n<tr data-start=\"4077\" data-end=\"4122\">\n<td data-start=\"4077\" data-end=\"4089\" data-col-size=\"sm\">Uso diario<\/td>\n<td data-start=\"4089\" data-end=\"4095\" data-col-size=\"sm\">S\u00ed<\/td>\n<td data-start=\"4095\" data-end=\"4122\" data-col-size=\"sm\">A veces inc\u00f3modo<\/td>\n<\/tr>\n<tr data-start=\"4123\" data-end=\"4163\">\n<td data-start=\"4123\" data-end=\"4146\" data-col-size=\"sm\">Compatibilidad con maquillaje<\/td>\n<td data-start=\"4146\" data-end=\"4153\" data-col-size=\"sm\">Alta<\/td>\n<td data-start=\"4153\" data-end=\"4163\" data-col-size=\"sm\">Variable<\/td>\n<\/tr>\n<tr data-start=\"4164\" data-end=\"4213\">\n<td data-start=\"4164\" data-end=\"4173\" data-col-size=\"sm\">Acabado<\/td>\n<td data-start=\"4173\" data-end=\"4194\" data-col-size=\"sm\">Fresco y c\u00f3modo<\/td>\n<td data-start=\"4194\" data-end=\"4213\" data-col-size=\"sm\">Puede sentirse graso<\/td>\n<\/tr>\n<\/tbody>\n<\/table>\n<\/div>\n<\/div>\n<hr data-start=\"4215\" data-end=\"4218\">\n<h2 data-start=\"4220\" data-end=\"4236\">\ud83d\udfe7 C\u00f3mo Usarlo<\/h2>\n<ol data-start=\"4238\" data-end=\"4440\">\n<li data-start=\"4238\" data-end=\"4326\">\n<p data-start=\"4241\" data-end=\"4326\">Aplique una cantidad adecuada como \u00faltimo paso de la rutina matutina.<\/p>\n<\/li>\n<li data-start=\"4327\" data-end=\"4374\">\n<p data-start=\"4330\" data-end=\"4374\">Extienda uniformemente sobre el rostro y las zonas expuestas.<\/p>\n<\/li>\n<li data-start=\"4375\" data-end=\"4440\">\n<p data-start=\"4378\" data-end=\"4440\">Reaplique seg\u00fan sea necesario a lo largo del d\u00eda para mantener la protecci\u00f3n.<\/p>\n<\/li>\n<\/ol>\n<hr data-start=\"4442\" data-end=\"4445\">\n<h2 data-start=\"4447\" data-end=\"4485\">\ud83d\udfe7 Preguntas Frecuentes<\/h2>\n<p data-start=\"4487\" data-end=\"4609\"><strong data-start=\"4487\" data-end=\"4532\">\u00bfEste protector solar es adecuado para el uso diario?<\/strong><br data-start=\"4532\" data-end=\"4535\">S\u00ed. Est\u00e1 formulado para ser ligero y c\u00f3modo para el uso diario. <\/p>\n<p data-start=\"4611\" data-end=\"4711\"><strong data-start=\"4611\" data-end=\"4642\">\u00bfDeja un residuo blanco?<\/strong><br data-start=\"4642\" data-end=\"4645\">No. La f\u00f3rmula se absorbe suavemente sin dejar residuo blanco visible. <\/p>\n<p data-start=\"4713\" data-end=\"4842\"><strong data-start=\"4713\" data-end=\"4751\">\u00bfEs adecuado para pieles sensibles?<\/strong><br data-start=\"4751\" data-end=\"4754\">Muchos compradores con piel sensible encuentran la f\u00f3rmula c\u00f3moda gracias a su enfoque hidratante.<\/p>\n<p data-start=\"4844\" data-end=\"4931\"><strong data-start=\"4844\" data-end=\"4875\">\u00bfPuedo usarlo debajo del maquillaje?<\/strong><br data-start=\"4875\" data-end=\"4878\">S\u00ed. Su acabado ligero se integra bien bajo el maquillaje. <\/p>\n<p data-start=\"4933\" data-end=\"5075\"><strong data-start=\"4933\" data-end=\"4974\">\u00bfHidrata lo suficiente por s\u00ed solo?<\/strong><br data-start=\"4974\" data-end=\"4977\">Aporta hidrataci\u00f3n, aunque las pieles muy secas pueden preferir aplicar previamente una crema hidratante.<\/p>\n<hr data-start=\"5077\" data-end=\"5080\">\n<h2 data-start=\"5082\" data-end=\"5101\">\ud83d\udfe7 Veredicto Final<\/h2>\n<p data-start=\"5103\" data-end=\"5386\">Round Lab Birch Moisturizing UV Sunscreen SPF50+ PA++++ ofrece un enfoque equilibrado del cuidado solar, combinando una protecci\u00f3n UV eficaz con hidrataci\u00f3n y comodidad para el d\u00eda a d\u00eda. Para quienes buscan un protector solar que puedan usar a diario sin compromisos, es una opci\u00f3n fiable y respetuosa con la piel. <\/p>\n<p data-start=\"5388\" data-end=\"5470\">\ud83d\udc49 Convi\u00e9rtelo en tu protector solar diario esencial para una piel c\u00f3moda e hidratada.<\/p>\n","protected":false},"excerpt":{"rendered":"<p data-start=\"602\" data-end=\"912\">Round Lab Birch Moisturizing UV Sunscreen est\u00e1 dise\u00f1ado para compradores que priorizan la protecci\u00f3n solar diaria con hidrataci\u00f3n y comodidad para la piel, en lugar de f\u00f3rmulas pesadas o resecantes.<br \/>Enriquecido con jugo de abedul e ingredientes hidratantes, ayuda a proteger la piel mientras mantiene un acabado fresco y confortable. <\/p>\n<p data-start=\"914\" data-end=\"1056\">\u2714 Proporciona protecci\u00f3n de amplio espectro SPF50+ PA++++<br data-start=\"964\" data-end=\"967\">\u2714 Favorece la hidrataci\u00f3n y el confort de la piel<br data-start=\"1004\" data-end=\"1007\">\u2714 Protector solar diario de confianza para compradores informados<\/p>\n","protected":false},"featured_media":5011,"comment_status":"open","ping_status":"closed","template":"","meta":{"_uag_custom_page_level_css":"","site-sidebar-layout":"default","site-content-layout":"","ast-site-content-layout":"default","site-content-style":"default","site-sidebar-style":"default","ast-global-header-display":"","ast-banner-title-visibility":"","ast-main-header-display":"","ast-hfb-above-header-display":"","ast-hfb-below-header-display":"","ast-hfb-mobile-header-display":"","site-post-title":"","ast-breadcrumbs-content":"","ast-featured-img":"","footer-sml-layout":"","ast-disable-related-posts":"","theme-transparent-header-meta":"default","adv-header-id-meta":"","stick-header-meta":"","header-above-stick-meta":"","header-main-stick-meta":"","header-below-stick-meta":"","astra-migrate-meta-layouts":"default","ast-page-background-enabled":"default","ast-page-background-meta":{"desktop":{"background-color":"","background-image":"","background-repeat":"repeat","background-position":"center center","background-size":"auto","background-attachment":"scroll","background-type":"","background-media":"","overlay-type":"","overlay-color":"","overlay-opacity":"","overlay-gradient":""},"tablet":{"background-color":"","background-image":"","background-repeat":"repeat","background-position":"center center","background-size":"auto","background-attachment":"scroll","background-type":"","background-media":"","overlay-type":"","overlay-color":"","overlay-opacity":"","overlay-gradient":""},"mobile":{"background-color":"","background-image":"","background-repeat":"repeat","background-position":"center center","background-size":"auto","background-attachment":"scroll","background-type":"","background-media":"","overlay-type":"","overlay-color":"","overlay-opacity":"","overlay-gradient":""}},"ast-content-background-meta":{"desktop":{"background-color":"var(--ast-global-color-5)","background-image":"","background-repeat":"repeat","background-position":"center center","background-size":"auto","background-attachment":"scroll","background-type":"","background-media":"","overlay-type":"","overlay-color":"","overlay-opacity":"","overlay-gradient":""},"tablet":{"background-color":"var(--ast-global-color-5)","background-image":"","background-repeat":"repeat","background-position":"center center","background-size":"auto","background-attachment":"scroll","background-type":"","background-media":"","overlay-type":"","overlay-color":"","overlay-opacity":"","overlay-gradient":""},"mobile":{"background-color":"var(--ast-global-color-5)","background-image":"","background-repeat":"repeat","background-position":"center center","background-size":"auto","background-attachment":"scroll","background-type":"","background-media":"","overlay-type":"","overlay-color":"","overlay-opacity":"","overlay-gradient":""}},"jetpack_publicize_message":"","jetpack_publicize_feature_enabled":true,"jetpack_social_post_already_shared":true,"jetpack_social_options":{"image_generator_settings":{"template":"highway","default_image_id":0,"font":"","enabled":false},"version":2}},"product_brand":[422],"product_cat":[348],"product_tag":[426,350,425],"class_list":{"0":"post-5014","1":"product","2":"type-product","3":"status-publish","4":"has-post-thumbnail","6":"product_brand-round-lab","7":"product_cat-protector-solar","8":"product_tag-birch-juice","9":"product_tag-protector-solar","10":"product_tag-round-lab","11":"product_shipping_class-100-g","12":"desktop-align-left","13":"tablet-align-left","14":"mobile-align-left","16":"first","17":"instock","18":"taxable","19":"shipping-taxable","20":"purchasable","21":"product-type-simple"},"jetpack_publicize_connections":[],"uagb_featured_image_src":{"full":["https:\/\/koreanskincare.asia\/wp-content\/uploads\/2026\/02\/ROUND-LAB-Birch-Juice-Moisturizing-Sunscreen3.webp",439,439,false],"thumbnail":["https:\/\/koreanskincare.asia\/wp-content\/uploads\/2026\/02\/ROUND-LAB-Birch-Juice-Moisturizing-Sunscreen3-150x150.webp",150,150,true],"medium":["https:\/\/koreanskincare.asia\/wp-content\/uploads\/2026\/02\/ROUND-LAB-Birch-Juice-Moisturizing-Sunscreen3-300x300.webp",300,300,true],"medium_large":["https:\/\/koreanskincare.asia\/wp-content\/uploads\/2026\/02\/ROUND-LAB-Birch-Juice-Moisturizing-Sunscreen3.webp",439,439,false],"large":["https:\/\/koreanskincare.asia\/wp-content\/uploads\/2026\/02\/ROUND-LAB-Birch-Juice-Moisturizing-Sunscreen3.webp",439,439,false],"1536x1536":["https:\/\/koreanskincare.asia\/wp-content\/uploads\/2026\/02\/ROUND-LAB-Birch-Juice-Moisturizing-Sunscreen3.webp",439,439,false],"2048x2048":["https:\/\/koreanskincare.asia\/wp-content\/uploads\/2026\/02\/ROUND-LAB-Birch-Juice-Moisturizing-Sunscreen3.webp",439,439,false],"woocommerce_thumbnail":["https:\/\/koreanskincare.asia\/wp-content\/uploads\/2026\/02\/ROUND-LAB-Birch-Juice-Moisturizing-Sunscreen3-300x300.webp",300,300,true],"woocommerce_single":["https:\/\/koreanskincare.asia\/wp-content\/uploads\/2026\/02\/ROUND-LAB-Birch-Juice-Moisturizing-Sunscreen3.webp",439,439,false],"woocommerce_gallery_thumbnail":["https:\/\/koreanskincare.asia\/wp-content\/uploads\/2026\/02\/ROUND-LAB-Birch-Juice-Moisturizing-Sunscreen3-100x100.webp",100,100,true],"web-stories-poster-portrait":["https:\/\/koreanskincare.asia\/wp-content\/uploads\/2026\/02\/ROUND-LAB-Birch-Juice-Moisturizing-Sunscreen3.webp",439,439,false],"web-stories-publisher-logo":["https:\/\/koreanskincare.asia\/wp-content\/uploads\/2026\/02\/ROUND-LAB-Birch-Juice-Moisturizing-Sunscreen3-96x96.webp",96,96,true],"web-stories-thumbnail":["https:\/\/koreanskincare.asia\/wp-content\/uploads\/2026\/02\/ROUND-LAB-Birch-Juice-Moisturizing-Sunscreen3-150x150.webp",150,150,true]},"uagb_author_info":{"display_name":"Bobby Birchell","author_link":"https:\/\/koreanskincare.asia\/es\/author\/"},"uagb_comment_info":0,"uagb_excerpt":"Round Lab Birch Moisturizing UV Sunscreen est\u00e1 dise\u00f1ado para compradores que priorizan la protecci\u00f3n solar diaria con hidrataci\u00f3n y comodidad para la piel, en lugar de f\u00f3rmulas pesadas o resecantes.Enriquecido con jugo de abedul e ingredientes hidratantes, ayuda a proteger la piel mientras mantiene un acabado fresco y confortable. \u2714 Proporciona protecci\u00f3n de amplio espectro&hellip;","_links":{"self":[{"href":"https:\/\/koreanskincare.asia\/es\/wp-json\/wp\/v2\/product\/5014","targetHints":{"allow":["GET"]}}],"collection":[{"href":"https:\/\/koreanskincare.asia\/es\/wp-json\/wp\/v2\/product"}],"about":[{"href":"https:\/\/koreanskincare.asia\/es\/wp-json\/wp\/v2\/types\/product"}],"replies":[{"embeddable":true,"href":"https:\/\/koreanskincare.asia\/es\/wp-json\/wp\/v2\/comments?post=5014"}],"wp:featuredmedia":[{"embeddable":true,"href":"https:\/\/koreanskincare.asia\/es\/wp-json\/wp\/v2\/media\/5011"}],"wp:attachment":[{"href":"https:\/\/koreanskincare.asia\/es\/wp-json\/wp\/v2\/media?parent=5014"}],"wp:term":[{"taxonomy":"product_brand","embeddable":true,"href":"https:\/\/koreanskincare.asia\/es\/wp-json\/wp\/v2\/product_brand?post=5014"},{"taxonomy":"product_cat","embeddable":true,"href":"https:\/\/koreanskincare.asia\/es\/wp-json\/wp\/v2\/product_cat?post=5014"},{"taxonomy":"product_tag","embeddable":true,"href":"https:\/\/koreanskincare.asia\/es\/wp-json\/wp\/v2\/product_tag?post=5014"}],"curies":[{"name":"wp","href":"https:\/\/api.w.org\/{rel}","templated":true}]}}