{"id":4827,"date":"2026-01-27T14:04:31","date_gmt":"2026-01-27T05:04:31","guid":{"rendered":"https:\/\/koreanskincare.asia\/product\/juvelook-volume-200-mg-10-viales-potenciador-cutaneo-natural-y-de-larga-duracion\/"},"modified":"2026-02-05T22:55:41","modified_gmt":"2026-02-05T13:55:41","slug":"juvelook-volume-200-mg-10-viales-potenciador-cutaneo-natural-y-de-larga-duracion","status":"publish","type":"product","link":"https:\/\/koreanskincare.asia\/es\/producto\/juvelook-volume-200-mg-10-viales-potenciador-cutaneo-natural-y-de-larga-duracion\/","title":{"rendered":"JUVELOOK Volume (200 mg, 10 viales) \u2013 Potenciador cut\u00e1neo natural y de larga duraci\u00f3n"},"content":{"rendered":"<h3 data-start=\"1345\" data-end=\"1414\"><strong data-start=\"1349\" data-end=\"1414\">JUVELOOK VOLUME \u2013 Relleno bioestimulador para volumen estructural<\/strong><\/h3>\n<p data-start=\"1416\" data-end=\"1628\">JUVELOOK VOLUME es un <strong data-start=\"1437\" data-end=\"1503\">relleno h\u00edbrido de PDLLA (\u00e1cido poli-D,L-l\u00e1ctico) y \u00e1cido hialur\u00f3nico<\/strong> desarrollado para profesionales m\u00e9dicos que requieren <strong data-start=\"1552\" data-end=\"1627\">una restauraci\u00f3n visible del volumen combinada con una estimulaci\u00f3n del col\u00e1geno a largo plazo<\/strong>.<\/p>\n<p data-start=\"1630\" data-end=\"1891\">Mientras que las formulaciones est\u00e1ndar de JUVELOOK se centran principalmente en la calidad de la piel y la mejora estructural fina, JUVELOOK VOLUME est\u00e1 dise\u00f1ado para proporcionar <strong data-start=\"1771\" data-end=\"1819\">una mayor capacidad de elevaci\u00f3n y soporte del contorno<\/strong>, lo que lo hace adecuado para la p\u00e9rdida de volumen m\u00e1s profunda y las \u00e1reas faciales estructurales.<\/p>\n<p data-start=\"1893\" data-end=\"2058\">Su composici\u00f3n h\u00edbrida permite un <strong data-start=\"1927\" data-end=\"1957\">soporte inmediato basado en HA<\/strong> junto con una <strong data-start=\"1968\" data-end=\"2014\">regeneraci\u00f3n gradual del col\u00e1geno impulsada por PDLLA<\/strong>, lo que resulta en resultados naturales pero duraderos.<\/p>\n<p data-start=\"1893\" data-end=\"2058\"><a href=\"https:\/\/koreanskincare.asia\/es\/producto\/juvelook-volume-200-mg-10-viales-potenciador-cutaneo-natural-y-de-larga-duracion\/\">Haga clic aqu\u00ed para ver JUVELOOK 50 mg: https:\/\/koreanskincare.asia\/es\/producto\/juvelook-50-mg-10-viales-skin-booster-de-pdlla-para-la-estimulacion-natural-del-colageno\/<\/a><\/p>\n<hr data-start=\"2060\" data-end=\"2063\">\n<h3 data-start=\"2065\" data-end=\"2098\"><strong data-start=\"2069\" data-end=\"2098\">C\u00f3mo funciona JUVELOOK VOLUME<\/strong><\/h3>\n<p data-start=\"2100\" data-end=\"2125\">JUVELOOK VOLUME combina:<\/p>\n<ul data-start=\"2126\" data-end=\"2247\">\n<li data-start=\"2126\" data-end=\"2187\">\n<p data-start=\"2128\" data-end=\"2187\"><strong data-start=\"2128\" data-end=\"2152\">\u00c1cido hialur\u00f3nico (HA)<\/strong> para volumen y modelado inmediatos<\/p>\n<\/li>\n<li data-start=\"2188\" data-end=\"2247\">\n<p data-start=\"2190\" data-end=\"2247\"><strong data-start=\"2190\" data-end=\"2212\">Microesferas de PDLLA<\/strong> para la estimulaci\u00f3n gradual del col\u00e1geno<\/p>\n<\/li>\n<\/ul>\n<p data-start=\"2249\" data-end=\"2265\">Despu\u00e9s de la inyecci\u00f3n:<\/p>\n<ul data-start=\"2266\" data-end=\"2418\">\n<li data-start=\"2266\" data-end=\"2303\">\n<p data-start=\"2268\" data-end=\"2303\">El volumen inicial est\u00e1 soportado por HA<\/p>\n<\/li>\n<li data-start=\"2304\" data-end=\"2354\">\n<p data-start=\"2306\" data-end=\"2354\">La PDLLA estimula la actividad de los fibroblastos con el tiempo<\/p>\n<\/li>\n<li data-start=\"2355\" data-end=\"2418\">\n<p data-start=\"2357\" data-end=\"2418\">El col\u00e1geno reci\u00e9n formado ayuda a mantener la estructura y la firmeza<\/p>\n<\/li>\n<\/ul>\n<p data-start=\"2420\" data-end=\"2529\">Este enfoque de doble acci\u00f3n apoya un <strong data-start=\"2455\" data-end=\"2491\">volumen progresivo y duradero<\/strong> sin cambios bruscos ni artificiales.<\/p>\n<hr data-start=\"2531\" data-end=\"2534\">\n<div class=\"no-scrollbar flex min-h-36 flex-nowrap gap-0.5 overflow-auto sm:gap-1 sm:overflow-hidden xl:min-h-44 mt-1 mb-5 [&amp;:not(:first-child)]:mt-4\">\n<div class=\"border-token-border-default relative w-32 shrink-0 overflow-hidden rounded-xl border-[0.5px] md:shrink max-h-64 sm:w-[calc((100%-0.5rem)\/3)] rounded-s-xl\">\n<div><img fetchpriority=\"high\" decoding=\"async\" class=\"bg-token-main-surface-tertiary m-0 h-full w-full object-cover alignnone\" src=\"https:\/\/www.mdpi.com\/polymers\/polymers-16-02583\/article_deploy\/html\/images\/polymers-16-02583-g004.png\" alt=\"\" width=\"2970\" height=\"2094\"><\/div>\n<\/div>\n<div class=\"border-token-border-default relative w-32 shrink-0 overflow-hidden rounded-xl border-[0.5px] md:shrink max-h-64 sm:w-[calc((100%-0.5rem)\/3)]\">\n<div><img decoding=\"async\" class=\"bg-token-main-surface-tertiary m-0 h-full w-full object-cover alignnone\" src=\"https:\/\/media.springernature.com\/lw685\/springer-static\/image\/art%3A10.1007%2Fs00266-021-02479-x\/MediaObjects\/266_2021_2479_Fig1_HTML.png\" alt=\"\" width=\"685\" height=\"227\"><\/div>\n<\/div>\n<div class=\"border-token-border-default relative w-32 shrink-0 overflow-hidden rounded-xl border-[0.5px] md:shrink max-h-64 sm:w-[calc((100%-0.5rem)\/3)] rounded-e-xl\">\n<div><img decoding=\"async\" class=\"bg-token-main-surface-tertiary m-0 h-full w-full object-cover alignnone\" src=\"https:\/\/modernaesthetic.institute\/wp-content\/uploads\/2025\/12\/image-3-1-e1766536753325.png\" alt=\"\" width=\"600\" height=\"403\"><\/div>\n<\/div>\n<\/div>\n<hr data-start=\"2578\" data-end=\"2581\">\n<h2 data-start=\"2583\" data-end=\"2615\">\ud83d\udfe7 Por qu\u00e9 elegir JUVELOOK VOLUME<\/h2>\n<h4 data-start=\"2617\" data-end=\"2649\">\u2714 Enfoque en el volumen estructural<\/h4>\n<p data-start=\"2650\" data-end=\"2699\">Dise\u00f1ado para la p\u00e9rdida de volumen moderada a significativa.<\/p>\n<h4 data-start=\"2701\" data-end=\"2730\">\u2714 Mayor contenido de PDLLA<\/h4>\n<p data-start=\"2731\" data-end=\"2791\">Proporciona un soporte bioestimulador m\u00e1s fuerte que JUVELOOK 50 mg.<\/p>\n<h4 data-start=\"2793\" data-end=\"2837\">\u2714 Efecto h\u00edbrido inmediato + a largo plazo<\/h4>\n<p data-start=\"2838\" data-end=\"2900\">El HA proporciona un modelado inmediato, mientras que la PDLLA apoya la longevidad.<\/p>\n<h4 data-start=\"2902\" data-end=\"2937\">\u2714 Proyecci\u00f3n de aspecto natural<\/h4>\n<p data-start=\"2938\" data-end=\"2985\">El volumen se desarrolla en armon\u00eda con la anatom\u00eda facial.<\/p>\n<h4 data-start=\"2987\" data-end=\"3036\">\u2714 Relleno bioestimulador de grado profesional<\/h4>\n<p data-start=\"3037\" data-end=\"3088\">Destinado exclusivamente a profesionales m\u00e9dicos autorizados.<\/p>\n<hr data-start=\"3090\" data-end=\"3093\">\n<h2 data-start=\"3095\" data-end=\"3135\">\ud83d\udfe7 JUVELOOK VOLUME vs JUVELOOK 50 mg<\/h2>\n<div class=\"TyagGW_tableContainer\">\n<div class=\"group TyagGW_tableWrapper flex flex-col-reverse w-fit\" tabindex=\"-1\">\n<table class=\"w-fit min-w-(--thread-content-width)\" data-start=\"3154\" data-end=\"3636\">\n<thead data-start=\"3154\" data-end=\"3207\">\n<tr data-start=\"3154\" data-end=\"3207\">\n<th data-start=\"3154\" data-end=\"3164\" data-col-size=\"sm\">Caracter\u00edstica<\/th>\n<th data-start=\"3164\" data-end=\"3184\" data-col-size=\"sm\"><strong data-start=\"3166\" data-end=\"3183\">JUVELOOK 50mg<\/strong><\/th>\n<th data-start=\"3184\" data-end=\"3207\" data-col-size=\"sm\"><strong data-start=\"3186\" data-end=\"3205\">JUVELOOK VOLUME<\/strong><\/th>\n<\/tr>\n<\/thead>\n<tbody data-start=\"3222\" data-end=\"3636\">\n<tr data-start=\"3222\" data-end=\"3307\">\n<td data-start=\"3222\" data-end=\"3238\" data-col-size=\"sm\">Enfoque principal<\/td>\n<td data-start=\"3238\" data-end=\"3270\" data-col-size=\"sm\">Calidad de la piel y estructura fina<\/td>\n<td data-col-size=\"sm\" data-start=\"3270\" data-end=\"3307\"><strong data-start=\"3272\" data-end=\"3305\">Restauraci\u00f3n del volumen estructural<\/strong><\/td>\n<\/tr>\n<tr data-start=\"3308\" data-end=\"3359\">\n<td data-start=\"3308\" data-end=\"3330\" data-col-size=\"sm\">Concentraci\u00f3n de PDLLA<\/td>\n<td data-start=\"3330\" data-end=\"3345\" data-col-size=\"sm\">M\u00e1s baja (50 mg)<\/td>\n<td data-start=\"3345\" data-end=\"3359\" data-col-size=\"sm\"><strong data-start=\"3347\" data-end=\"3357\">M\u00e1s alta<\/strong><\/td>\n<\/tr>\n<tr data-start=\"3360\" data-end=\"3420\">\n<td data-start=\"3360\" data-end=\"3376\" data-col-size=\"sm\">Efecto de volumen<\/td>\n<td data-start=\"3376\" data-end=\"3394\" data-col-size=\"sm\">M\u00ednimo a leve<\/td>\n<td data-start=\"3394\" data-end=\"3420\" data-col-size=\"sm\"><strong data-start=\"3396\" data-end=\"3418\">Moderado a fuerte<\/strong><\/td>\n<\/tr>\n<tr data-start=\"3421\" data-end=\"3490\">\n<td data-start=\"3421\" data-end=\"3436\" data-col-size=\"sm\">Profundidad objetivo<\/td>\n<td data-start=\"3436\" data-end=\"3464\" data-col-size=\"sm\">Superficial a dermis media<\/td>\n<td data-col-size=\"sm\" data-start=\"3464\" data-end=\"3490\"><strong data-start=\"3466\" data-end=\"3488\">Dermis media a profunda<\/strong><\/td>\n<\/tr>\n<tr data-start=\"3491\" data-end=\"3563\">\n<td data-start=\"3491\" data-end=\"3503\" data-col-size=\"sm\">Uso ideal<\/td>\n<td data-col-size=\"sm\" data-start=\"3503\" data-end=\"3534\">Textura, poros, soporte fino<\/td>\n<td data-col-size=\"sm\" data-start=\"3534\" data-end=\"3563\"><strong data-start=\"3536\" data-end=\"3561\">Contorno y p\u00e9rdida de volumen<\/strong><\/td>\n<\/tr>\n<tr data-start=\"3564\" data-end=\"3636\">\n<td data-start=\"3564\" data-end=\"3579\" data-col-size=\"sm\">Estilo de resultado<\/td>\n<td data-start=\"3579\" data-end=\"3602\" data-col-size=\"sm\">Sutil, centrado en la piel<\/td>\n<td data-col-size=\"sm\" data-start=\"3602\" data-end=\"3636\"><strong data-start=\"3604\" data-end=\"3634\">Volumen definido pero natural<\/strong><\/td>\n<\/tr>\n<\/tbody>\n<\/table>\n<\/div>\n<\/div>\n<p data-start=\"3638\" data-end=\"3805\">\ud83d\udc49 <strong data-start=\"3641\" data-end=\"3684\">JUVELOOK 50 mg se elige normalmente primero<\/strong> para mejorar la calidad de la piel.<br data-start=\"3714\" data-end=\"3717\">\ud83d\udc49 <strong data-start=\"3720\" data-end=\"3805\">JUVELOOK VOLUME se selecciona cuando se requiere un volumen visible y soporte del contorno.<\/strong><\/p>\n<hr data-start=\"3807\" data-end=\"3810\">\n<div class=\"no-scrollbar flex min-h-36 flex-nowrap gap-0.5 overflow-auto sm:gap-1 sm:overflow-hidden xl:min-h-44 mt-1 mb-5 [&amp;:not(:first-child)]:mt-4\">\n<div class=\"border-token-border-default relative w-32 shrink-0 overflow-hidden rounded-xl border-[0.5px] md:shrink max-h-64 sm:w-[calc((100%-0.5rem)\/3)] rounded-s-xl\"><\/div>\n<div class=\"border-token-border-default relative w-32 shrink-0 overflow-hidden rounded-xl border-[0.5px] md:shrink max-h-64 sm:w-[calc((100%-0.5rem)\/3)]\"><\/div>\n<div class=\"border-token-border-default relative w-32 shrink-0 overflow-hidden rounded-xl border-[0.5px] md:shrink max-h-64 sm:w-[calc((100%-0.5rem)\/3)] rounded-e-xl\">\n<div><img loading=\"lazy\" decoding=\"async\" class=\"bg-token-main-surface-tertiary m-0 h-full w-full object-cover alignnone\" src=\"https:\/\/www.hushla.net\/wp-content\/uploads\/2023\/01\/dermal-filler-treatment-768x708.jpg\" alt=\"\" width=\"768\" height=\"708\"><\/div>\n<\/div>\n<\/div>\n<hr data-start=\"3854\" data-end=\"3857\">\n<h2 data-start=\"3859\" data-end=\"3894\">\ud83d\udfe7 Indicaciones y Zonas de Tratamiento<br \/><\/h2>\n<p data-start=\"3896\" data-end=\"3933\">JUVELOOK VOLUME se utiliza com\u00fanmente para:<\/p>\n<ul data-start=\"3934\" data-end=\"4066\">\n<li data-start=\"3934\" data-end=\"3958\">\n<p data-start=\"3936\" data-end=\"3958\">P\u00e9rdida de volumen en la parte media del rostro<\/p>\n<\/li>\n<li data-start=\"3959\" data-end=\"3988\">\n<p data-start=\"3961\" data-end=\"3988\">Soporte de mejillas y contorno<\/p>\n<\/li>\n<li data-start=\"3989\" data-end=\"4023\">\n<p data-start=\"3991\" data-end=\"4023\">Rejuvenecimiento facial estructural<\/p>\n<\/li>\n<li data-start=\"4024\" data-end=\"4066\">\n<p data-start=\"4026\" data-end=\"4066\">\u00c1reas que requieren elevaci\u00f3n y proyecci\u00f3n<\/p>\n<\/li>\n<\/ul>\n<p data-start=\"4068\" data-end=\"4154\">Es adecuado para pacientes que buscan un <strong data-start=\"4104\" data-end=\"4153\">volumen a largo plazo con beneficios bioestimuladores<\/strong>.<\/p>\n<hr data-start=\"4156\" data-end=\"4159\">\n<h2 data-start=\"4161\" data-end=\"4189\">\ud83d\udfe7 Especificaciones del Producto<\/h2>\n<div class=\"TyagGW_tableContainer\">\n<div class=\"group TyagGW_tableWrapper flex flex-col-reverse w-fit\" tabindex=\"-1\">\n<table class=\"w-fit min-w-(--thread-content-width)\" data-start=\"4191\" data-end=\"4535\">\n<thead data-start=\"4191\" data-end=\"4213\">\n<tr data-start=\"4191\" data-end=\"4213\">\n<th data-start=\"4191\" data-end=\"4198\" data-col-size=\"sm\">\u00cdtem<\/th>\n<th data-start=\"4198\" data-end=\"4213\" data-col-size=\"md\">Descripci\u00f3n<\/th>\n<\/tr>\n<\/thead>\n<tbody data-start=\"4224\" data-end=\"4535\">\n<tr data-start=\"4224\" data-end=\"4258\">\n<td data-start=\"4224\" data-end=\"4239\" data-col-size=\"sm\">Nombre del producto<\/td>\n<td data-col-size=\"md\" data-start=\"4239\" data-end=\"4258\">JUVELOOK VOLUME<\/td>\n<\/tr>\n<tr data-start=\"4259\" data-end=\"4294\">\n<td data-start=\"4259\" data-end=\"4266\" data-col-size=\"sm\">Tipo<\/td>\n<td data-start=\"4266\" data-end=\"4294\" data-col-size=\"md\">Relleno h\u00edbrido de PDLLA + HA<\/td>\n<\/tr>\n<tr data-start=\"4295\" data-end=\"4362\">\n<td data-start=\"4295\" data-end=\"4312\" data-col-size=\"sm\">Componentes clave<\/td>\n<td data-col-size=\"md\" data-start=\"4312\" data-end=\"4362\">PDLLA (mayor concentraci\u00f3n) + \u00c1cido hialur\u00f3nico<\/td>\n<\/tr>\n<tr data-start=\"4363\" data-end=\"4425\">\n<td data-start=\"4363\" data-end=\"4380\" data-col-size=\"sm\">Acci\u00f3n principal<\/td>\n<td data-col-size=\"md\" data-start=\"4380\" data-end=\"4425\">Restauraci\u00f3n del volumen y estimulaci\u00f3n del col\u00e1geno<\/td>\n<\/tr>\n<tr data-start=\"4426\" data-end=\"4477\">\n<td data-start=\"4426\" data-end=\"4441\" data-col-size=\"sm\">Inicio del resultado<\/td>\n<td data-col-size=\"md\" data-start=\"4441\" data-end=\"4477\">Inmediato (HA) + gradual (PDLLA)<\/td>\n<\/tr>\n<tr data-start=\"4478\" data-end=\"4503\">\n<td data-start=\"4478\" data-end=\"4490\" data-col-size=\"sm\">Longevidad<\/td>\n<td data-col-size=\"md\" data-start=\"4490\" data-end=\"4503\">A largo plazo<\/td>\n<\/tr>\n<tr data-start=\"4504\" data-end=\"4535\">\n<td data-start=\"4504\" data-end=\"4510\" data-col-size=\"sm\">Uso<\/td>\n<td data-start=\"4510\" data-end=\"4535\" data-col-size=\"md\">Solo para uso profesional<\/td>\n<\/tr>\n<\/tbody>\n<\/table>\n<\/div>\n<\/div>\n<hr data-start=\"4537\" data-end=\"4540\">\n<h2 data-start=\"4542\" data-end=\"4571\">\ud83d\udfe7 Para Qui\u00e9n Es Este Producto<\/h2>\n<p data-start=\"4573\" data-end=\"4605\">JUVELOOK VOLUME es adecuado para:<\/p>\n<ul data-start=\"4606\" data-end=\"4789\">\n<li data-start=\"4606\" data-end=\"4641\">\n<p data-start=\"4608\" data-end=\"4641\">Cl\u00ednicas est\u00e9ticas y hospitales<\/p>\n<\/li>\n<li data-start=\"4642\" data-end=\"4691\">\n<p data-start=\"4644\" data-end=\"4691\">Profesionales que tratan la p\u00e9rdida de volumen estructural<\/p>\n<\/li>\n<li data-start=\"4692\" data-end=\"4732\">\n<p data-start=\"4694\" data-end=\"4732\">Compradores que ya utilizan JUVELOOK 50 mg<\/p>\n<\/li>\n<li data-start=\"4733\" data-end=\"4789\">\n<p data-start=\"4735\" data-end=\"4789\">Cl\u00ednicas centradas en la restauraci\u00f3n regenerativa del volumen<\/p>\n<\/li>\n<\/ul>\n<hr data-start=\"4838\" data-end=\"4841\">\n<h2 data-start=\"4843\" data-end=\"4865\">\ud83d\udfe7 Aviso importante<\/h2>\n<p data-start=\"4867\" data-end=\"5066\">\u26a0 Solo para uso profesional<br data-start=\"4898\" data-end=\"4901\">Este producto est\u00e1 destinado exclusivamente a profesionales m\u00e9dicos autorizados.<br data-start=\"4977\" data-end=\"4980\">Todos los procedimientos deben realizarse de acuerdo con la normativa local y el criterio cl\u00ednico del profesional.<\/p>\n","protected":false},"excerpt":{"rendered":"<p data-start=\"546\" data-end=\"852\">JUVELOOK VOLUME est\u00e1 dise\u00f1ado para compradores que requieren restauraci\u00f3n estructural del volumen y soporte de col\u00e1geno a largo plazo, m\u00e1s all\u00e1 de la simple mejora de la calidad de la piel. Formulado con una mayor concentraci\u00f3n de PDLLA combinada con \u00e1cido hialur\u00f3nico, proporciona proyecci\u00f3n, estabilidad del contorno y bioestimulaci\u00f3n gradual.<\/p>\n<p data-start=\"854\" data-end=\"1018\">\u2714 Dise\u00f1ado para la p\u00e9rdida de volumen y el soporte estructural<br data-start=\"903\" data-end=\"906\">\u2714 Efecto voluminizador m\u00e1s fuerte que JUVELOOK 50 mg<br data-start=\"953\" data-end=\"956\">\u2714 Un relleno bioestimulador para profesionales m\u00e9dicos informados<\/p>\n","protected":false},"featured_media":4823,"comment_status":"open","ping_status":"closed","template":"","meta":{"_uag_custom_page_level_css":"","site-sidebar-layout":"default","site-content-layout":"default","ast-site-content-layout":"default","site-content-style":"default","site-sidebar-style":"default","ast-global-header-display":"","ast-banner-title-visibility":"","ast-main-header-display":"","ast-hfb-above-header-display":"","ast-hfb-below-header-display":"","ast-hfb-mobile-header-display":"","site-post-title":"","ast-breadcrumbs-content":"","ast-featured-img":"","footer-sml-layout":"","ast-disable-related-posts":"","theme-transparent-header-meta":"default","adv-header-id-meta":"","stick-header-meta":"default","header-above-stick-meta":"","header-main-stick-meta":"","header-below-stick-meta":"","astra-migrate-meta-layouts":"default","ast-page-background-enabled":"default","ast-page-background-meta":{"desktop":{"background-color":"","background-image":"","background-repeat":"repeat","background-position":"center center","background-size":"auto","background-attachment":"scroll","background-type":"","background-media":"","overlay-type":"","overlay-color":"","overlay-opacity":"","overlay-gradient":""},"tablet":{"background-color":"","background-image":"","background-repeat":"repeat","background-position":"center center","background-size":"auto","background-attachment":"scroll","background-type":"","background-media":"","overlay-type":"","overlay-color":"","overlay-opacity":"","overlay-gradient":""},"mobile":{"background-color":"","background-image":"","background-repeat":"repeat","background-position":"center center","background-size":"auto","background-attachment":"scroll","background-type":"","background-media":"","overlay-type":"","overlay-color":"","overlay-opacity":"","overlay-gradient":""}},"ast-content-background-meta":{"desktop":{"background-color":"var(--ast-global-color-5)","background-image":"","background-repeat":"repeat","background-position":"center center","background-size":"auto","background-attachment":"scroll","background-type":"","background-media":"","overlay-type":"","overlay-color":"","overlay-opacity":"","overlay-gradient":""},"tablet":{"background-color":"var(--ast-global-color-5)","background-image":"","background-repeat":"repeat","background-position":"center center","background-size":"auto","background-attachment":"scroll","background-type":"","background-media":"","overlay-type":"","overlay-color":"","overlay-opacity":"","overlay-gradient":""},"mobile":{"background-color":"var(--ast-global-color-5)","background-image":"","background-repeat":"repeat","background-position":"center center","background-size":"auto","background-attachment":"scroll","background-type":"","background-media":"","overlay-type":"","overlay-color":"","overlay-opacity":"","overlay-gradient":""}},"jetpack_publicize_message":"","jetpack_publicize_feature_enabled":true,"jetpack_social_post_already_shared":true,"jetpack_social_options":{"image_generator_settings":{"template":"highway","default_image_id":0,"font":"","enabled":false},"version":2}},"product_brand":[],"product_cat":[360],"product_tag":[393,390,391,394,392],"class_list":{"0":"post-4827","1":"product","2":"type-product","3":"status-publish","4":"has-post-thumbnail","6":"product_cat-solicitud-de-compra","7":"product_tag-estimulador-de-colageno","8":"product_tag-juvelook","9":"product_tag-juvelook-skin-booster","10":"product_tag-juvelook-volume","11":"product_tag-juvelook-vs-rejuran","12":"product_shipping_class-1000-g","13":"desktop-align-left","14":"tablet-align-left","15":"mobile-align-left","17":"first","18":"instock","19":"taxable","20":"shipping-taxable","21":"purchasable","22":"product-type-simple"},"jetpack_publicize_connections":[],"uagb_featured_image_src":{"full":["https:\/\/koreanskincare.asia\/wp-content\/uploads\/2026\/01\/Juvelook-Volume-CE.webp",800,800,false],"thumbnail":["https:\/\/koreanskincare.asia\/wp-content\/uploads\/2026\/01\/Juvelook-Volume-CE-150x150.webp",150,150,true],"medium":["https:\/\/koreanskincare.asia\/wp-content\/uploads\/2026\/01\/Juvelook-Volume-CE-300x300.webp",300,300,true],"medium_large":["https:\/\/koreanskincare.asia\/wp-content\/uploads\/2026\/01\/Juvelook-Volume-CE-768x768.webp",768,768,true],"large":["https:\/\/koreanskincare.asia\/wp-content\/uploads\/2026\/01\/Juvelook-Volume-CE.webp",800,800,false],"1536x1536":["https:\/\/koreanskincare.asia\/wp-content\/uploads\/2026\/01\/Juvelook-Volume-CE.webp",800,800,false],"2048x2048":["https:\/\/koreanskincare.asia\/wp-content\/uploads\/2026\/01\/Juvelook-Volume-CE.webp",800,800,false],"woocommerce_thumbnail":["https:\/\/koreanskincare.asia\/wp-content\/uploads\/2026\/01\/Juvelook-Volume-CE-300x300.webp",300,300,true],"woocommerce_single":["https:\/\/koreanskincare.asia\/wp-content\/uploads\/2026\/01\/Juvelook-Volume-CE-600x600.webp",600,600,true],"woocommerce_gallery_thumbnail":["https:\/\/koreanskincare.asia\/wp-content\/uploads\/2026\/01\/Juvelook-Volume-CE-100x100.webp",100,100,true],"web-stories-poster-portrait":["https:\/\/koreanskincare.asia\/wp-content\/uploads\/2026\/01\/Juvelook-Volume-CE-640x800.webp",640,800,true],"web-stories-publisher-logo":["https:\/\/koreanskincare.asia\/wp-content\/uploads\/2026\/01\/Juvelook-Volume-CE-96x96.webp",96,96,true],"web-stories-thumbnail":["https:\/\/koreanskincare.asia\/wp-content\/uploads\/2026\/01\/Juvelook-Volume-CE-150x150.webp",150,150,true]},"uagb_author_info":{"display_name":"Bobby Birchell","author_link":"https:\/\/koreanskincare.asia\/es\/author\/"},"uagb_comment_info":0,"uagb_excerpt":"JUVELOOK VOLUME est\u00e1 dise\u00f1ado para compradores que requieren restauraci\u00f3n estructural del volumen y soporte de col\u00e1geno a largo plazo, m\u00e1s all\u00e1 de la simple mejora de la calidad de la piel. Formulado con una mayor concentraci\u00f3n de PDLLA combinada con \u00e1cido hialur\u00f3nico, proporciona proyecci\u00f3n, estabilidad del contorno y bioestimulaci\u00f3n gradual. \u2714 Dise\u00f1ado para la p\u00e9rdida&hellip;","_links":{"self":[{"href":"https:\/\/koreanskincare.asia\/es\/wp-json\/wp\/v2\/product\/4827","targetHints":{"allow":["GET"]}}],"collection":[{"href":"https:\/\/koreanskincare.asia\/es\/wp-json\/wp\/v2\/product"}],"about":[{"href":"https:\/\/koreanskincare.asia\/es\/wp-json\/wp\/v2\/types\/product"}],"replies":[{"embeddable":true,"href":"https:\/\/koreanskincare.asia\/es\/wp-json\/wp\/v2\/comments?post=4827"}],"wp:featuredmedia":[{"embeddable":true,"href":"https:\/\/koreanskincare.asia\/es\/wp-json\/wp\/v2\/media\/4823"}],"wp:attachment":[{"href":"https:\/\/koreanskincare.asia\/es\/wp-json\/wp\/v2\/media?parent=4827"}],"wp:term":[{"taxonomy":"product_brand","embeddable":true,"href":"https:\/\/koreanskincare.asia\/es\/wp-json\/wp\/v2\/product_brand?post=4827"},{"taxonomy":"product_cat","embeddable":true,"href":"https:\/\/koreanskincare.asia\/es\/wp-json\/wp\/v2\/product_cat?post=4827"},{"taxonomy":"product_tag","embeddable":true,"href":"https:\/\/koreanskincare.asia\/es\/wp-json\/wp\/v2\/product_tag?post=4827"}],"curies":[{"name":"wp","href":"https:\/\/api.w.org\/{rel}","templated":true}]}}