{"id":4781,"date":"2026-01-27T16:25:51","date_gmt":"2026-01-27T07:25:51","guid":{"rendered":"https:\/\/koreanskincare.asia\/product\/youthfill-shape-con-lidocaina-10-piezas-relleno-dermico-de-acido-hialuronico-para-contorno-estructural\/"},"modified":"2026-01-27T16:25:51","modified_gmt":"2026-01-27T07:25:51","slug":"youthfill-shape-con-lidocaina-10-piezas-relleno-dermico-de-acido-hialuronico-para-contorno-estructural","status":"publish","type":"product","link":"https:\/\/koreanskincare.asia\/es\/producto\/youthfill-shape-con-lidocaina-10-piezas-relleno-dermico-de-acido-hialuronico-para-contorno-estructural\/","title":{"rendered":"YOUTHFILL SHAPE con Lidoca\u00edna (10 piezas) \u2013 Relleno d\u00e9rmico de \u00e1cido hialur\u00f3nico para contorno estructural"},"content":{"rendered":"<h3 data-start=\"1338\" data-end=\"1416\"><strong data-start=\"1342\" data-end=\"1416\">YOUTHFILL SHAPE con Lidoca\u00edna \u2013 Relleno de AH firme para contornos definidos<\/strong><\/h3>\n<p data-start=\"1418\" data-end=\"1736\">YOUTHFILL SHAPE con Lidoca\u00edna es un relleno d\u00e9rmico a base de \u00e1cido hialur\u00f3nico desarrollado para profesionales m\u00e9dicos que requieren m\u00e1xima capacidad de elevaci\u00f3n y definici\u00f3n estructural.<br \/>Con la consistencia de gel m\u00e1s firme dentro de la l\u00ednea YOUTHFILL, est\u00e1 dise\u00f1ado para mantener la forma bajo presi\u00f3n y ayudar a crear contornos faciales claros y definidos. <\/p>\n<p data-start=\"1738\" data-end=\"1925\">A diferencia de las formulaciones FINE o DEEP, YOUTHFILL SHAPE se centra en la proyecci\u00f3n y el refuerzo estructural, lo que lo hace ideal para tratamientos orientados al contorno facial en lugar del refinamiento de arrugas superficiales.<\/p>\n<p data-start=\"1927\" data-end=\"2043\">La inclusi\u00f3n de lidoca\u00edna contribuye a mejorar la comodidad del paciente durante inyecciones m\u00e1s profundas y procedimientos de contorneado.<\/p>\n<hr data-start=\"2045\" data-end=\"2048\">\n<h3 data-start=\"2050\" data-end=\"2083\"><strong data-start=\"2054\" data-end=\"2083\">C\u00f3mo funciona YOUTHFILL SHAPE<\/strong><\/h3>\n<p data-start=\"2085\" data-end=\"2275\">YOUTHFILL SHAPE utiliza \u00e1cido hialur\u00f3nico altamente reticulado, formulado para su colocaci\u00f3n desde la dermis profunda hasta la zona subcut\u00e1nea.<br \/>Su elasticidad firme permite que el relleno mantenga su forma y resista la deformaci\u00f3n, proporcionando resultados estructurales duraderos y definidos. <\/p>\n<p data-start=\"2277\" data-end=\"2290\">Esto permite:<\/p>\n<ul data-start=\"2291\" data-end=\"2421\">\n<li data-start=\"2291\" data-end=\"2324\">\n<p data-start=\"2293\" data-end=\"2324\">Potente efecto lifting y proyecci\u00f3n<\/p>\n<\/li>\n<li data-start=\"2325\" data-end=\"2353\">\n<p data-start=\"2327\" data-end=\"2353\">Creaci\u00f3n de contornos definidos<\/p>\n<\/li>\n<li data-start=\"2354\" data-end=\"2383\">\n<p data-start=\"2356\" data-end=\"2383\">Mantenimiento estable del volumen<\/p>\n<\/li>\n<li data-start=\"2384\" data-end=\"2421\">\n<p data-start=\"2386\" data-end=\"2421\">Inyecci\u00f3n predecible y controlada<\/p>\n<\/li>\n<\/ul>\n<p data-start=\"2423\" data-end=\"2487\">La lidoca\u00edna mejora la comodidad del paciente sin comprometer el rendimiento del gel.<\/p>\n<hr data-start=\"2489\" data-end=\"2492\">\n<div class=\"no-scrollbar flex min-h-36 flex-nowrap gap-0.5 overflow-auto sm:gap-1 sm:overflow-hidden xl:min-h-44 mt-1 mb-5 [&amp;:not(:first-child)]:mt-4\">\n<div class=\"border-token-border-default relative w-32 shrink-0 overflow-hidden rounded-xl border-[0.5px] md:shrink max-h-64 sm:w-[calc((100%-0.5rem)\/3)] rounded-s-xl\">\n<div><img fetchpriority=\"high\" decoding=\"async\" class=\"bg-token-main-surface-tertiary m-0 h-full w-full object-cover alignnone\" src=\"https:\/\/www.hushla.net\/wp-content\/uploads\/2023\/01\/dermal-filler-treatment-768x708.jpg\" alt=\"\" width=\"768\" height=\"708\"><\/div>\n<\/div>\n<div class=\"border-token-border-default relative w-32 shrink-0 overflow-hidden rounded-xl border-[0.5px] md:shrink max-h-64 sm:w-[calc((100%-0.5rem)\/3)]\">\n<div><img decoding=\"async\" class=\"bg-token-main-surface-tertiary m-0 h-full w-full object-cover alignnone\" src=\"https:\/\/www.researchgate.net\/publication\/359259255\/figure\/fig3\/AS%3A11431281173737233%401689035157962\/Schematic-representation-of-how-the-elastic-G-and-viscous-G-moduli-reflect-the.png\" alt=\"\" width=\"850\" height=\"800\"><\/div>\n<\/div>\n<div class=\"border-token-border-default relative w-32 shrink-0 overflow-hidden rounded-xl border-[0.5px] md:shrink max-h-64 sm:w-[calc((100%-0.5rem)\/3)] rounded-e-xl\"><\/div>\n<\/div>\n<hr data-start=\"2536\" data-end=\"2539\">\n<h2 data-start=\"2541\" data-end=\"2588\">\ud83d\udfe7 Por qu\u00e9 elegir YOUTHFILL SHAPE con Lidoca\u00edna<\/h2>\n<h4 data-start=\"2590\" data-end=\"2625\">\u2714 M\u00e1ximo soporte estructural<\/h4>\n<p data-start=\"2626\" data-end=\"2665\">Dise\u00f1ado espec\u00edficamente para contorneado facial y proyecci\u00f3n.<\/p>\n<h4 data-start=\"2667\" data-end=\"2696\">\u2714 Consistencia de gel firme<\/h4>\n<p data-start=\"2697\" data-end=\"2745\">La formulaci\u00f3n m\u00e1s fuerte de la l\u00ednea YOUTHFILL.<\/p>\n<h4 data-start=\"2747\" data-end=\"2771\">\u2714 Con lidoca\u00edna a\u00f1adida<\/h4>\n<p data-start=\"2772\" data-end=\"2822\">Favorece la comodidad del paciente durante inyecciones m\u00e1s profundas.<\/p>\n<h4 data-start=\"2824\" data-end=\"2860\">\u2714 Forma definida y de larga duraci\u00f3n<\/h4>\n<p data-start=\"2861\" data-end=\"2911\">Mantiene la integridad del contorno incluso con el movimiento facial.<\/p>\n<h4 data-start=\"2913\" data-end=\"2947\">\u2714 Relleno de grado profesional<\/h4>\n<p data-start=\"2948\" data-end=\"2999\">Destinado exclusivamente a profesionales m\u00e9dicos autorizados.<\/p>\n<hr data-start=\"3001\" data-end=\"3004\">\n<h2 data-start=\"3006\" data-end=\"3047\">\ud83d\udfe7 Comparaci\u00f3n de la l\u00ednea de productos YOUTHFILL<\/h2>\n<div class=\"TyagGW_tableContainer\">\n<div class=\"group TyagGW_tableWrapper flex flex-col-reverse w-fit\" tabindex=\"-1\">\n<table class=\"w-fit min-w-(--thread-content-width)\" data-start=\"3083\" data-end=\"3524\">\n<thead data-start=\"3083\" data-end=\"3150\">\n<tr data-start=\"3083\" data-end=\"3150\">\nCaracter\u00edstica<\/p>\n<th data-start=\"3093\" data-end=\"3110\" data-col-size=\"sm\">YOUTHFILL FINE<\/th>\n<th data-start=\"3110\" data-end=\"3127\" data-col-size=\"sm\"><\/th>\n<th data-start=\"3083\" data-end=\"3093\" data-col-size=\"sm\">YOUTHFILL DEEP<\/th>\n<th data-start=\"3127\" data-end=\"3150\" data-col-size=\"sm\"><strong data-start=\"3129\" data-end=\"3148\">YOUTHFILL SHAPE<\/strong><\/th>\n<\/tr>\n<\/thead>\n<tbody data-start=\"3169\" data-end=\"3524\">\n<tr data-start=\"3169\" data-end=\"3249\">\n<td data-start=\"3169\" data-end=\"3183\" data-col-size=\"sm\">Uso principal<\/td>\n<td data-col-size=\"sm\" data-start=\"3183\" data-end=\"3196\">L\u00edneas finas<\/td>\n<td data-col-size=\"sm\" data-start=\"3196\" data-end=\"3220\">Arrugas profundas y pliegues<\/td>\n<td data-col-size=\"sm\" data-start=\"3220\" data-end=\"3249\"><strong data-start=\"3222\" data-end=\"3247\">Contorno estructural<\/strong><\/td>\n<\/tr>\n<tr data-start=\"3250\" data-end=\"3301\">\n<td data-start=\"3250\" data-end=\"3268\" data-col-size=\"sm\">Consistencia del gel<\/td>\n<td data-col-size=\"sm\" data-start=\"3268\" data-end=\"3275\">Suave<\/td>\n<td data-col-size=\"sm\" data-start=\"3275\" data-end=\"3289\">Media-firme<\/td>\n<p><strong data-start=\"3291\" data-end=\"3299\"><\/p>\n<td data-col-size=\"sm\" data-start=\"3289\" data-end=\"3301\">Firme<\/td>\n<p><\/strong><br \/>\n<\/tr>\n<tr data-start=\"3302\" data-end=\"3396\">\n<td data-start=\"3302\" data-end=\"3320\" data-col-size=\"sm\">Profundidad de inyecci\u00f3n<\/td>\n<td data-col-size=\"sm\" data-start=\"3320\" data-end=\"3341\">Dermis superficial<\/td>\n<td data-col-size=\"sm\" data-start=\"3341\" data-end=\"3362\">Dermis media a profunda<\/td>\n<td data-col-size=\"sm\" data-start=\"3362\" data-end=\"3396\"><strong data-start=\"3364\" data-end=\"3394\">Dermis profunda \/ subcut\u00e1neo<\/strong><\/td>\n<\/tr>\n<tr data-start=\"3397\" data-end=\"3458\">\n<td data-start=\"3397\" data-end=\"3413\" data-col-size=\"sm\">Efecto de volumen<\/td>\n<td data-start=\"3413\" data-end=\"3422\" data-col-size=\"sm\">Subtle<\/td>\n<td data-col-size=\"sm\" data-start=\"3422\" data-end=\"3433\">Moderado<\/td>\n<td data-col-size=\"sm\" data-start=\"3433\" data-end=\"3458\"><strong data-start=\"3435\" data-end=\"3456\">Proyecci\u00f3n fuerte<\/strong><\/td>\n<\/tr>\n<tr data-start=\"3459\" data-end=\"3524\">\n<td data-start=\"3459\" data-end=\"3474\" data-col-size=\"sm\">Estilo del resultado<\/td>\n<td data-start=\"3474\" data-end=\"3485\" data-col-size=\"sm\">Delicado<\/td>\n<td data-start=\"3485\" data-end=\"3496\" data-col-size=\"sm\">Equilibrado<\/td>\n<td data-start=\"3496\" data-end=\"3524\" data-col-size=\"sm\"><strong data-start=\"3498\" data-end=\"3522\">Definido y estructurado<\/strong><\/td>\n<\/tr>\n<\/tbody>\n<\/table>\n<\/div>\n<\/div>\n<p data-start=\"3526\" data-end=\"3630\">\ud83d\udc49 SHAPE es la formulaci\u00f3n m\u00e1s potente, dise\u00f1ada para la creaci\u00f3n de contornos m\u00e1s que para la correcci\u00f3n de arrugas.<\/p>\n<hr data-start=\"3632\" data-end=\"3635\">\n<div class=\"no-scrollbar flex min-h-36 flex-nowrap gap-0.5 overflow-auto sm:gap-1 sm:overflow-hidden xl:min-h-44 mt-1 mb-5 [&amp;:not(:first-child)]:mt-4\">\n<div class=\"border-token-border-default relative w-32 shrink-0 overflow-hidden rounded-xl border-[0.5px] md:shrink max-h-64 sm:w-[calc((100%-0.5rem)\/3)] rounded-s-xl\"><\/div>\n<div class=\"border-token-border-default relative w-32 shrink-0 overflow-hidden rounded-xl border-[0.5px] md:shrink max-h-64 sm:w-[calc((100%-0.5rem)\/3)]\">\n<div><img decoding=\"async\" class=\"bg-token-main-surface-tertiary m-0 h-full w-full object-cover alignnone\" src=\"https:\/\/images.openai.com\/static-rsc-3\/1-iH0XGP_GVI9W0Mx6TK3J8V8aAQIKpHq2RCjNytdWhU57B3myo-MrUGbGF_4RLGCphSLTIprZ2nM2ul1L9NfwgvUMS-l6wCkH_NCZ7Ht4g?purpose=fullsize\" alt=\"\" width=\"2048\" height=\"1755\"><\/div>\n<\/div>\n<div class=\"border-token-border-default relative w-32 shrink-0 overflow-hidden rounded-xl border-[0.5px] md:shrink max-h-64 sm:w-[calc((100%-0.5rem)\/3)] rounded-e-xl\"><\/div>\n<\/div>\n<hr data-start=\"3679\" data-end=\"3682\">\n<h2 data-start=\"3684\" data-end=\"3719\">\ud83d\udfe7 Indicaciones y \u00e1reas de tratamiento<\/h2>\n<p data-start=\"3721\" data-end=\"3773\">YOUTHFILL SHAPE con Lidoca\u00edna se utiliza com\u00fanmente para:<\/p>\n<ul data-start=\"3774\" data-end=\"3876\">\n<li data-start=\"3774\" data-end=\"3796\">\n<p data-start=\"3776\" data-end=\"3796\">Contorneado de la l\u00ednea mandibular<\/p>\n<\/li>\n<li data-start=\"3797\" data-end=\"3816\">\n<p data-start=\"3799\" data-end=\"3816\">Proyecci\u00f3n del ment\u00f3n<\/p>\n<\/li>\n<li data-start=\"3817\" data-end=\"3844\">\n<p data-start=\"3819\" data-end=\"3844\">Soporte estructural de los p\u00f3mulos<\/p>\n<\/li>\n<li data-start=\"3845\" data-end=\"3876\">\n<p data-start=\"3847\" data-end=\"3876\">Definici\u00f3n del marco facial<\/p>\n<\/li>\n<\/ul>\n<p data-start=\"3878\" data-end=\"3959\">Es ideal para pacientes que buscan definici\u00f3n clara y mejora estructural del rostro.<\/p>\n<hr data-start=\"3961\" data-end=\"3964\">\n<h2 data-start=\"3966\" data-end=\"3994\">\ud83d\udfe7 Especificaciones del producto<\/h2>\n<div class=\"TyagGW_tableContainer\">\n<div class=\"group TyagGW_tableWrapper flex flex-col-reverse w-fit\" tabindex=\"-1\">\n<table class=\"w-fit min-w-(--thread-content-width)\" data-start=\"3996\" data-end=\"4350\">\n<thead data-start=\"3996\" data-end=\"4018\">\n<tr data-start=\"3996\" data-end=\"4018\">\n<th data-start=\"3996\" data-end=\"4003\" data-col-size=\"sm\">\u00cdtem<\/th>\n<th data-start=\"4003\" data-end=\"4018\" data-col-size=\"sm\">Descripci\u00f3n<\/th>\n<\/tr>\n<\/thead>\n<tbody data-start=\"4029\" data-end=\"4350\">\n<tr data-start=\"4029\" data-end=\"4078\">\n<td data-start=\"4029\" data-end=\"4044\" data-col-size=\"sm\">Nombre del producto<\/td>\n<td data-start=\"4044\" data-end=\"4078\" data-col-size=\"sm\">YOUTHFILL SHAPE con Lidoca\u00edna<\/td>\n<\/tr>\n<tr data-start=\"4079\" data-end=\"4119\">\n<td data-start=\"4079\" data-end=\"4086\" data-col-size=\"sm\">Tipo<\/td>\n<td data-start=\"4086\" data-end=\"4119\" data-col-size=\"sm\">Relleno d\u00e9rmico de \u00e1cido hialur\u00f3nico<\/td>\n<\/tr>\n<tr data-start=\"4120\" data-end=\"4157\">\n<td data-start=\"4120\" data-end=\"4138\" data-col-size=\"sm\">Ingrediente principal<\/td>\n<td data-col-size=\"sm\" data-start=\"4138\" data-end=\"4157\">\u00c1cido hialur\u00f3nico<\/td>\n<\/tr>\n<tr data-start=\"4158\" data-end=\"4182\">\n<td data-start=\"4158\" data-end=\"4169\" data-col-size=\"sm\">Aditivo<\/td>\n<td data-start=\"4169\" data-end=\"4182\" data-col-size=\"sm\">Lidocaine<\/td>\n<\/tr>\n<tr data-start=\"4183\" data-end=\"4230\">\n<td data-start=\"4183\" data-end=\"4192\" data-col-size=\"sm\">Objetivo<\/td>\n<td data-start=\"4192\" data-end=\"4230\" data-col-size=\"sm\">Contorneado estructural y proyecci\u00f3n<\/td>\n<\/tr>\n<tr data-start=\"4231\" data-end=\"4279\">\n<td data-start=\"4231\" data-end=\"4249\" data-col-size=\"sm\">Profundidad de inyecci\u00f3n<\/td>\n<td data-start=\"4249\" data-end=\"4279\" data-col-size=\"sm\">Dermis profunda \/ subcut\u00e1neo<\/td>\n<\/tr>\n<tr data-start=\"4280\" data-end=\"4318\">\n<td data-start=\"4280\" data-end=\"4295\" data-col-size=\"sm\">Estilo del resultado<\/td>\n<td data-start=\"4295\" data-end=\"4318\" data-col-size=\"sm\">Definido, estructurado<\/td>\n<\/tr>\n<tr data-start=\"4319\" data-end=\"4350\">\n<td data-start=\"4319\" data-end=\"4325\" data-col-size=\"sm\">Uso<\/td>\n<td data-start=\"4325\" data-end=\"4350\" data-col-size=\"sm\">Solo para uso profesional<\/td>\n<\/tr>\n<\/tbody>\n<\/table>\n<\/div>\n<\/div>\n<hr data-start=\"4352\" data-end=\"4355\">\n<h2 data-start=\"4357\" data-end=\"4386\">\ud83d\udfe7 Para qui\u00e9n es este producto<\/h2>\n<p data-start=\"4388\" data-end=\"4435\">YOUTHFILL SHAPE con Lidoca\u00edna es adecuado para:<\/p>\n<ul data-start=\"4436\" data-end=\"4623\">\n<li data-start=\"4436\" data-end=\"4471\">\n<p data-start=\"4438\" data-end=\"4471\">Cl\u00ednicas est\u00e9ticas y hospitales<\/p>\n<\/li>\n<li data-start=\"4472\" data-end=\"4527\">\n<p data-start=\"4474\" data-end=\"4527\">Profesionales que realizan tratamientos enfocados en el contorno facial<\/p>\n<\/li>\n<li data-start=\"4528\" data-end=\"4573\">\n<p data-start=\"4530\" data-end=\"4573\">Compradores que requieren un soporte m\u00e1s fuerte que YOUTHFILL DEEP<\/p>\n<\/li>\n<li data-start=\"4574\" data-end=\"4623\">\n<p data-start=\"4576\" data-end=\"4623\">Centros especializados en dise\u00f1o estructural del rostro<\/p>\n<\/li>\n<\/ul>\n<hr data-start=\"4625\" data-end=\"4628\">\n<div class=\"no-scrollbar flex min-h-36 flex-nowrap gap-0.5 overflow-auto sm:gap-1 sm:overflow-hidden xl:min-h-44 mt-1 mb-5 [&amp;:not(:first-child)]:mt-4\">\n<div class=\"border-token-border-default relative w-32 shrink-0 overflow-hidden rounded-xl border-[0.5px] md:shrink max-h-64 sm:w-[calc((100%-0.5rem)\/3)] rounded-s-xl\">\n<div><img loading=\"lazy\" decoding=\"async\" class=\"bg-token-main-surface-tertiary m-0 h-full w-full object-cover alignnone\" src=\"https:\/\/cdn.prod.website-files.com\/6163fb24c084974e3baa0204\/657fee298475ba35b1c5f38a_20231218T0700-aa38d196-ec0f-43b5-8f9b-b3a4af3635f6.jpeg\" alt=\"\" width=\"1241\" height=\"1754\"><\/div>\n<\/div>\n<div class=\"border-token-border-default relative w-32 shrink-0 overflow-hidden rounded-xl border-[0.5px] md:shrink max-h-64 sm:w-[calc((100%-0.5rem)\/3)]\"><\/div>\n<div class=\"border-token-border-default relative w-32 shrink-0 overflow-hidden rounded-xl border-[0.5px] md:shrink max-h-64 sm:w-[calc((100%-0.5rem)\/3)] rounded-e-xl\">\n<div><img loading=\"lazy\" decoding=\"async\" class=\"bg-token-main-surface-tertiary m-0 h-full w-full object-cover alignnone\" src=\"https:\/\/www.mdpi.com\/polymers\/polymers-16-02739\/article_deploy\/html\/images\/polymers-16-02739-g001.png\" alt=\"\" width=\"2946\" height=\"1633\"><\/div>\n<\/div>\n<\/div>\n<hr data-start=\"4672\" data-end=\"4675\">\n<h2 data-start=\"4677\" data-end=\"4699\">\ud83d\udfe7 Aviso importante<\/h2>\n<p data-start=\"4701\" data-end=\"4900\">\u26a0 <strong data-start=\"4703\" data-end=\"4732\">Solo para uso profesional<\/strong><br data-start=\"4732\" data-end=\"4735\">Este producto est\u00e1 destinado exclusivamente a profesionales m\u00e9dicos autorizados.<br data-start=\"4811\" data-end=\"4814\">Todos los tratamientos deben realizarse de acuerdo con la normativa local vigente y el criterio cl\u00ednico del profesional.<\/p>\n","protected":false},"excerpt":{"rendered":"<p data-start=\"580\" data-end=\"870\">YOUTHFILL SHAPE con Lidoca\u00edna est\u00e1 dise\u00f1ado para compradores que requieren fuerte soporte estructural y contorneado definido, m\u00e1s que una simple correcci\u00f3n de volumen.<br \/>Gracias a su gel de \u00e1cido hialur\u00f3nico firme y a la lidoca\u00edna a\u00f1adida, permite una modelaci\u00f3n precisa, mayor proyecci\u00f3n y mayor comodidad durante el tratamiento. <\/p>\n<p data-start=\"872\" data-end=\"1030\">\u2714 Dise\u00f1ado para contorneado y soporte estructural<br data-start=\"920\" data-end=\"923\">\u2714 Proporciona mayor proyecci\u00f3n que FINE y DEEP<br data-start=\"972\" data-end=\"975\">\u2714 Relleno de \u00e1cido hialur\u00f3nico firme para profesionales m\u00e9dicos experimentados<\/p>\n","protected":false},"featured_media":4777,"comment_status":"open","ping_status":"closed","template":"","meta":{"_uag_custom_page_level_css":"","site-sidebar-layout":"default","site-content-layout":"","ast-site-content-layout":"default","site-content-style":"default","site-sidebar-style":"default","ast-global-header-display":"","ast-banner-title-visibility":"","ast-main-header-display":"","ast-hfb-above-header-display":"","ast-hfb-below-header-display":"","ast-hfb-mobile-header-display":"","site-post-title":"","ast-breadcrumbs-content":"","ast-featured-img":"","footer-sml-layout":"","ast-disable-related-posts":"","theme-transparent-header-meta":"default","adv-header-id-meta":"","stick-header-meta":"","header-above-stick-meta":"","header-main-stick-meta":"","header-below-stick-meta":"","astra-migrate-meta-layouts":"default","ast-page-background-enabled":"default","ast-page-background-meta":{"desktop":{"background-color":"","background-image":"","background-repeat":"repeat","background-position":"center center","background-size":"auto","background-attachment":"scroll","background-type":"","background-media":"","overlay-type":"","overlay-color":"","overlay-opacity":"","overlay-gradient":""},"tablet":{"background-color":"","background-image":"","background-repeat":"repeat","background-position":"center center","background-size":"auto","background-attachment":"scroll","background-type":"","background-media":"","overlay-type":"","overlay-color":"","overlay-opacity":"","overlay-gradient":""},"mobile":{"background-color":"","background-image":"","background-repeat":"repeat","background-position":"center center","background-size":"auto","background-attachment":"scroll","background-type":"","background-media":"","overlay-type":"","overlay-color":"","overlay-opacity":"","overlay-gradient":""}},"ast-content-background-meta":{"desktop":{"background-color":"var(--ast-global-color-5)","background-image":"","background-repeat":"repeat","background-position":"center center","background-size":"auto","background-attachment":"scroll","background-type":"","background-media":"","overlay-type":"","overlay-color":"","overlay-opacity":"","overlay-gradient":""},"tablet":{"background-color":"var(--ast-global-color-5)","background-image":"","background-repeat":"repeat","background-position":"center center","background-size":"auto","background-attachment":"scroll","background-type":"","background-media":"","overlay-type":"","overlay-color":"","overlay-opacity":"","overlay-gradient":""},"mobile":{"background-color":"var(--ast-global-color-5)","background-image":"","background-repeat":"repeat","background-position":"center center","background-size":"auto","background-attachment":"scroll","background-type":"","background-media":"","overlay-type":"","overlay-color":"","overlay-opacity":"","overlay-gradient":""}},"jetpack_publicize_message":"","jetpack_publicize_feature_enabled":true,"jetpack_social_post_already_shared":true,"jetpack_social_options":{"image_generator_settings":{"template":"highway","default_image_id":0,"font":"","enabled":false},"version":2}},"product_brand":[],"product_cat":[360],"product_tag":[],"class_list":{"0":"post-4781","1":"product","2":"type-product","3":"status-publish","4":"has-post-thumbnail","6":"product_cat-solicitud-de-compra","7":"product_shipping_class-600g","8":"desktop-align-left","9":"tablet-align-left","10":"mobile-align-left","12":"first","13":"instock","14":"taxable","15":"shipping-taxable","16":"purchasable","17":"product-type-simple"},"jetpack_publicize_connections":[],"uagb_featured_image_src":{"full":["https:\/\/koreanskincare.asia\/wp-content\/uploads\/2026\/01\/YOUTHFILL-SHAPE-CE.webp",800,800,false],"thumbnail":["https:\/\/koreanskincare.asia\/wp-content\/uploads\/2026\/01\/YOUTHFILL-SHAPE-CE-150x150.webp",150,150,true],"medium":["https:\/\/koreanskincare.asia\/wp-content\/uploads\/2026\/01\/YOUTHFILL-SHAPE-CE-300x300.webp",300,300,true],"medium_large":["https:\/\/koreanskincare.asia\/wp-content\/uploads\/2026\/01\/YOUTHFILL-SHAPE-CE-768x768.webp",768,768,true],"large":["https:\/\/koreanskincare.asia\/wp-content\/uploads\/2026\/01\/YOUTHFILL-SHAPE-CE.webp",800,800,false],"1536x1536":["https:\/\/koreanskincare.asia\/wp-content\/uploads\/2026\/01\/YOUTHFILL-SHAPE-CE.webp",800,800,false],"2048x2048":["https:\/\/koreanskincare.asia\/wp-content\/uploads\/2026\/01\/YOUTHFILL-SHAPE-CE.webp",800,800,false],"woocommerce_thumbnail":["https:\/\/koreanskincare.asia\/wp-content\/uploads\/2026\/01\/YOUTHFILL-SHAPE-CE-300x300.webp",300,300,true],"woocommerce_single":["https:\/\/koreanskincare.asia\/wp-content\/uploads\/2026\/01\/YOUTHFILL-SHAPE-CE-600x600.webp",600,600,true],"woocommerce_gallery_thumbnail":["https:\/\/koreanskincare.asia\/wp-content\/uploads\/2026\/01\/YOUTHFILL-SHAPE-CE-100x100.webp",100,100,true],"web-stories-poster-portrait":["https:\/\/koreanskincare.asia\/wp-content\/uploads\/2026\/01\/YOUTHFILL-SHAPE-CE-640x800.webp",640,800,true],"web-stories-publisher-logo":["https:\/\/koreanskincare.asia\/wp-content\/uploads\/2026\/01\/YOUTHFILL-SHAPE-CE-96x96.webp",96,96,true],"web-stories-thumbnail":["https:\/\/koreanskincare.asia\/wp-content\/uploads\/2026\/01\/YOUTHFILL-SHAPE-CE-150x150.webp",150,150,true]},"uagb_author_info":{"display_name":"Bobby Birchell","author_link":"https:\/\/koreanskincare.asia\/es\/author\/"},"uagb_comment_info":0,"uagb_excerpt":"YOUTHFILL SHAPE con Lidoca\u00edna est\u00e1 dise\u00f1ado para compradores que requieren fuerte soporte estructural y contorneado definido, m\u00e1s que una simple correcci\u00f3n de volumen.Gracias a su gel de \u00e1cido hialur\u00f3nico firme y a la lidoca\u00edna a\u00f1adida, permite una modelaci\u00f3n precisa, mayor proyecci\u00f3n y mayor comodidad durante el tratamiento. \u2714 Dise\u00f1ado para contorneado y soporte estructural\u2714 Proporciona&hellip;","_links":{"self":[{"href":"https:\/\/koreanskincare.asia\/es\/wp-json\/wp\/v2\/product\/4781","targetHints":{"allow":["GET"]}}],"collection":[{"href":"https:\/\/koreanskincare.asia\/es\/wp-json\/wp\/v2\/product"}],"about":[{"href":"https:\/\/koreanskincare.asia\/es\/wp-json\/wp\/v2\/types\/product"}],"replies":[{"embeddable":true,"href":"https:\/\/koreanskincare.asia\/es\/wp-json\/wp\/v2\/comments?post=4781"}],"wp:featuredmedia":[{"embeddable":true,"href":"https:\/\/koreanskincare.asia\/es\/wp-json\/wp\/v2\/media\/4777"}],"wp:attachment":[{"href":"https:\/\/koreanskincare.asia\/es\/wp-json\/wp\/v2\/media?parent=4781"}],"wp:term":[{"taxonomy":"product_brand","embeddable":true,"href":"https:\/\/koreanskincare.asia\/es\/wp-json\/wp\/v2\/product_brand?post=4781"},{"taxonomy":"product_cat","embeddable":true,"href":"https:\/\/koreanskincare.asia\/es\/wp-json\/wp\/v2\/product_cat?post=4781"},{"taxonomy":"product_tag","embeddable":true,"href":"https:\/\/koreanskincare.asia\/es\/wp-json\/wp\/v2\/product_tag?post=4781"}],"curies":[{"name":"wp","href":"https:\/\/api.w.org\/{rel}","templated":true}]}}