{"id":4578,"date":"2025-03-20T19:00:52","date_gmt":"2025-03-20T10:00:52","guid":{"rendered":"https:\/\/koreanskincare.asia\/sobre-nosotros-koreanskincare-asia\/"},"modified":"2026-01-22T22:45:38","modified_gmt":"2026-01-22T13:45:38","slug":"sobre-nosotros-koreanskincare-asia","status":"publish","type":"page","link":"https:\/\/koreanskincare.asia\/es\/sobre-nosotros-koreanskincare-asia\/","title":{"rendered":"Sobre nosotros | KoreanSkinCare.asia"},"content":{"rendered":"\t\t<div data-elementor-type=\"wp-page\" data-elementor-id=\"4578\" class=\"elementor elementor-4578 elementor-2442\" data-elementor-post-type=\"page\">\n\t\t\t\t<div class=\"elementor-element elementor-element-0db7159 e-flex e-con-boxed e-con e-parent\" data-id=\"0db7159\" data-element_type=\"container\" data-e-type=\"container\">\n\t\t\t\t\t<div class=\"e-con-inner\">\n\t\t\t\t<div class=\"elementor-element elementor-element-2ffb6b1 elementor-widget elementor-widget-heading\" data-id=\"2ffb6b1\" data-element_type=\"widget\" data-e-type=\"widget\" data-widget_type=\"heading.default\">\n\t\t\t\t\t<h1 class=\"elementor-heading-title elementor-size-default\">SOBRE NOSOTROS | KoreanSkinCare.asia<\/h1>\t\t\t\t<\/div>\n\t\t\t\t<div class=\"elementor-element elementor-element-782ff2f elementor-widget elementor-widget-image\" data-id=\"782ff2f\" data-element_type=\"widget\" data-e-type=\"widget\" data-widget_type=\"image.default\">\n\t\t\t\t\t\t\t\t\t\t\t\t\t\t\t<img fetchpriority=\"high\" decoding=\"async\" width=\"768\" height=\"580\" src=\"https:\/\/koreanskincare.asia\/wp-content\/uploads\/2025\/03\/about-us-koreanskincare.asia_.webp\" class=\"attachment-medium_large size-medium_large wp-image-4577\" alt=\"about-us-koreanskincare.asia\" srcset=\"https:\/\/koreanskincare.asia\/wp-content\/uploads\/2025\/03\/about-us-koreanskincare.asia_.webp 1095w, https:\/\/koreanskincare.asia\/wp-content\/uploads\/2025\/03\/about-us-koreanskincare.asia_-600x453.webp 600w\" sizes=\"(max-width: 768px) 100vw, 768px\" \/>\t\t\t\t\t\t\t\t\t\t\t\t\t\t\t<\/div>\n\t\t\t\t<div class=\"elementor-element elementor-element-56259a8 elementor-widget elementor-widget-text-editor\" data-id=\"56259a8\" data-element_type=\"widget\" data-e-type=\"widget\" data-widget_type=\"text-editor.default\">\n\t\t\t\t\t\t\t\t\t<p data-start=\"66\" data-end=\"471\">En KoreanSkinCare.asia, nos apasiona ofrecer lo mejor del cuidado de la piel coreano a los amantes de la belleza de todo el mundo. Nuestra misi\u00f3n es simple: facilitarle el descubrimiento, la comprensi\u00f3n y el disfrute de los beneficios de la K-beauty. Tanto si es un principiante en el cuidado de la piel como un entusiasta dedicado, le proporcionamos informaci\u00f3n experta, rese\u00f1as honestas de productos y gu\u00edas pr\u00e1cticas para el cuidado de la piel que le ayudar\u00e1n a crear una rutina que funcione.  <\/p><p data-start=\"473\" data-end=\"777\">A medida que la fascinaci\u00f3n mundial por la K-beauty sigue creciendo, tendemos un puente entre las innovaciones coreanas en el cuidado de la piel y el p\u00fablico internacional. Desde los s\u00e9rums de culto hasta las \u00faltimas tendencias en el cuidado de la piel, seleccionamos informaci\u00f3n que le ayuda a navegar por el mundo en constante evoluci\u00f3n de la belleza coreana con confianza. <\/p><p data-start=\"779\" data-end=\"1017\">M\u00e1s que un simple recurso, KoreanSkinCare.asia es una comunidad para los amantes del cuidado de la piel. Creemos que la belleza tiene que ver con el cuidado personal y el conocimiento, y estamos aqu\u00ed para proporcionarle la informaci\u00f3n adecuada para que tome las mejores decisiones para su piel. <\/p><p data-start=\"1019\" data-end=\"1136\" data-is-last-node=\"\" data-is-only-node=\"\">\u00danase a nosotros mientras exploramos la ciencia, la tradici\u00f3n y la innovaci\u00f3n detr\u00e1s del cuidado de la piel coreano, \u00a1un cutis radiante a la vez!<\/p>\t\t\t\t\t\t\t\t<\/div>\n\t\t\t\t\t<\/div>\n\t\t\t\t<\/div>\n\t\t<div class=\"elementor-element elementor-element-27665c6 e-flex e-con-boxed e-con e-parent\" data-id=\"27665c6\" data-element_type=\"container\" data-e-type=\"container\">\n\t\t\t\t\t<div class=\"e-con-inner\">\n\t\t\t\t<div class=\"elementor-element elementor-element-bae0447 elementor-widget elementor-widget-heading\" data-id=\"bae0447\" data-element_type=\"widget\" data-e-type=\"widget\" data-widget_type=\"heading.default\">\n\t\t\t\t\t<h4 class=\"elementor-heading-title elementor-size-default\">Informaci\u00f3n de contacto<\/h4>\t\t\t\t<\/div>\n\t\t\t\t<div class=\"elementor-element elementor-element-7d2f47e elementor-widget elementor-widget-text-editor\" data-id=\"7d2f47e\" data-element_type=\"widget\" data-e-type=\"widget\" data-widget_type=\"text-editor.default\">\n\t\t\t\t\t\t\t\t\t<p>CubeSquare Co., Ltd. | CEO: Tommy LEE<br>N.\u00ba de registro 317-86-00635<br>Tel\u00e9fono: +82-2-2679-9909<br>181, Gasan-Digital-1-Ro, Geumcheon-gu, Se\u00fal, Rep\u00fablica de Corea <\/p>\t\t\t\t\t\t\t\t<\/div>\n\t\t\t\t\t<\/div>\n\t\t\t\t<\/div>\n\t\t\t\t<\/div>\n\t\t","protected":false},"excerpt":{"rendered":"<p>SOBRE NOSOTROS | KoreanSkinCare.asia En KoreanSkinCare.asia, nos apasiona ofrecer lo mejor del cuidado de la piel coreano a los amantes de la belleza de todo el mundo. Nuestra misi\u00f3n es simple: facilitarle el descubrimiento, la comprensi\u00f3n y el disfrute de los beneficios de la K-beauty. Tanto si es un principiante en el cuidado de la [&hellip;]<\/p>\n","protected":false},"author":6,"featured_media":0,"parent":0,"menu_order":0,"comment_status":"closed","ping_status":"closed","template":"","meta":{"_uag_custom_page_level_css":"","site-sidebar-layout":"default","site-content-layout":"","ast-site-content-layout":"default","site-content-style":"default","site-sidebar-style":"default","ast-global-header-display":"","ast-banner-title-visibility":"","ast-main-header-display":"","ast-hfb-above-header-display":"","ast-hfb-below-header-display":"","ast-hfb-mobile-header-display":"","site-post-title":"","ast-breadcrumbs-content":"","ast-featured-img":"","footer-sml-layout":"","ast-disable-related-posts":"","theme-transparent-header-meta":"","adv-header-id-meta":"","stick-header-meta":"","header-above-stick-meta":"","header-main-stick-meta":"","header-below-stick-meta":"","astra-migrate-meta-layouts":"default","ast-page-background-enabled":"default","ast-page-background-meta":{"desktop":{"background-color":"","background-image":"","background-repeat":"repeat","background-position":"center center","background-size":"auto","background-attachment":"scroll","background-type":"","background-media":"","overlay-type":"","overlay-color":"","overlay-opacity":"","overlay-gradient":""},"tablet":{"background-color":"","background-image":"","background-repeat":"repeat","background-position":"center center","background-size":"auto","background-attachment":"scroll","background-type":"","background-media":"","overlay-type":"","overlay-color":"","overlay-opacity":"","overlay-gradient":""},"mobile":{"background-color":"","background-image":"","background-repeat":"repeat","background-position":"center center","background-size":"auto","background-attachment":"scroll","background-type":"","background-media":"","overlay-type":"","overlay-color":"","overlay-opacity":"","overlay-gradient":""}},"ast-content-background-meta":{"desktop":{"background-color":"var(--ast-global-color-5)","background-image":"","background-repeat":"repeat","background-position":"center center","background-size":"auto","background-attachment":"scroll","background-type":"","background-media":"","overlay-type":"","overlay-color":"","overlay-opacity":"","overlay-gradient":""},"tablet":{"background-color":"var(--ast-global-color-5)","background-image":"","background-repeat":"repeat","background-position":"center center","background-size":"auto","background-attachment":"scroll","background-type":"","background-media":"","overlay-type":"","overlay-color":"","overlay-opacity":"","overlay-gradient":""},"mobile":{"background-color":"var(--ast-global-color-5)","background-image":"","background-repeat":"repeat","background-position":"center center","background-size":"auto","background-attachment":"scroll","background-type":"","background-media":"","overlay-type":"","overlay-color":"","overlay-opacity":"","overlay-gradient":""}},"footnotes":""},"class_list":["post-4578","page","type-page","status-publish","hentry"],"uagb_featured_image_src":{"full":false,"thumbnail":false,"medium":false,"medium_large":false,"large":false,"1536x1536":false,"2048x2048":false,"woocommerce_thumbnail":false,"woocommerce_single":false,"woocommerce_gallery_thumbnail":false,"web-stories-poster-portrait":false,"web-stories-publisher-logo":false,"web-stories-thumbnail":false},"uagb_author_info":{"display_name":"Bobby Birchell","author_link":"https:\/\/koreanskincare.asia\/es\/author\/t32_aran\/"},"uagb_comment_info":0,"uagb_excerpt":"SOBRE NOSOTROS | KoreanSkinCare.asia En KoreanSkinCare.asia, nos apasiona ofrecer lo mejor del cuidado de la piel coreano a los amantes de la belleza de todo el mundo. Nuestra misi\u00f3n es simple: facilitarle el descubrimiento, la comprensi\u00f3n y el disfrute de los beneficios de la K-beauty. Tanto si es un principiante en el cuidado de la&hellip;","_links":{"self":[{"href":"https:\/\/koreanskincare.asia\/es\/wp-json\/wp\/v2\/pages\/4578","targetHints":{"allow":["GET"]}}],"collection":[{"href":"https:\/\/koreanskincare.asia\/es\/wp-json\/wp\/v2\/pages"}],"about":[{"href":"https:\/\/koreanskincare.asia\/es\/wp-json\/wp\/v2\/types\/page"}],"author":[{"embeddable":true,"href":"https:\/\/koreanskincare.asia\/es\/wp-json\/wp\/v2\/users\/6"}],"replies":[{"embeddable":true,"href":"https:\/\/koreanskincare.asia\/es\/wp-json\/wp\/v2\/comments?post=4578"}],"version-history":[{"count":1,"href":"https:\/\/koreanskincare.asia\/es\/wp-json\/wp\/v2\/pages\/4578\/revisions"}],"predecessor-version":[{"id":4579,"href":"https:\/\/koreanskincare.asia\/es\/wp-json\/wp\/v2\/pages\/4578\/revisions\/4579"}],"wp:attachment":[{"href":"https:\/\/koreanskincare.asia\/es\/wp-json\/wp\/v2\/media?parent=4578"}],"curies":[{"name":"wp","href":"https:\/\/api.w.org\/{rel}","templated":true}]}}